{"id":3680,"date":"2022-09-21T13:00:34","date_gmt":"2022-09-21T18:00:34","guid":{"rendered":"https:\/\/tectelsuministros.com\/?post_type=product&#038;p=3680"},"modified":"2026-03-19T16:15:29","modified_gmt":"2026-03-19T21:15:29","slug":"uc2000-ve-gateway-4g-dinstar","status":"publish","type":"product","link":"https:\/\/tectelsuministros.com\/index.php\/producto\/uc2000-ve-gateway-4g-dinstar\/","title":{"rendered":"UC2000-VE Gateway 4G Dinstar &#8211; Remplaza Goip"},"content":{"rendered":"<p>Remplaza Goip 4 puertos<\/p>\n<p>UC2000-VE 4 PUERTOS para SIM<\/p>\n<p>Puerta de enlace VoIP GSM\/WCDMA\/LTE<br \/>\nDinstar Colombia UC2000-VE es una puerta de enlace VoIP GSM 4G de 4 canales en un dise\u00f1o de hardware compacto probado en campo, Modulo homologado para uso en Colombia,\u00a0 se utiliza para transitar sin problemas entre redes m\u00f3viles y VoIP, para la transmisi\u00f3n de voz y SMS. Conectividad GSM\/WCDMA\/LTE integrada y protocolo SIP compatible con las principales plataformas de VoIP, es adecuado para empresas, organizaciones de sitios m\u00faltiples, terminadores de llamadas y \u00e1reas con l\u00edneas fijas limitadas como \u00e1reas rurales para reducir los costos de telefon\u00eda y permitir comunicaciones f\u00e1ciles y eficientes.<\/p>\n<p>Remplaza Goip GSM<\/p>\n<p>Compatibilidad con GSM\/WCDMA\/LTE<\/p>\n<p>Voz sobre LTE (VoLTE)<\/p>\n<p>Tarjetas SIM intercambiables en caliente<\/p>\n<p>Compatible con la plataforma VoIP convencional<\/p>\n<p>Mobility Extension, nunca pierdas una llamada<\/p>\n<p>Env\u00edo y recepci\u00f3n de SMS, API de SMS<\/p>\n<p>Gesti\u00f3n del l\u00edmite de cr\u00e9dito<\/p>\n<p>CLIP autom\u00e1tico<\/p>\n<p class=\"slideInUp\">Codecs: G.711A\/U , G.723.1, G.729AB<\/p>\n<p class=\"slideInUp\">Call Waiting\/Call Back<\/p>\n<p>&nbsp;<\/p>\n","protected":false},"excerpt":{"rendered":"<p>Remplaza Goip 4 puertos UC2000-VE 4 PUERTOS para SIM Puerta de enlace VoIP GSM\/WCDMA\/LTE Dinstar Colombia UC2000-VE es una puerta de enlace VoIP GSM 4G de 4 canales en un dise\u00f1o de hardware compacto probado en campo, Modulo homologado para uso en Colombia,\u00a0 se utiliza para transitar sin problemas entre redes m\u00f3viles y VoIP, para [&hellip;]<\/p>\n","protected":false},"featured_media":3159,"comment_status":"open","ping_status":"closed","template":"","meta":[],"product_brand":[],"product_cat":[237,108,107],"product_tag":[135,238,240,241,379,116],"class_list":{"0":"post-3680","1":"product","2":"type-product","3":"status-publish","4":"has-post-thumbnail","6":"product_cat-dinstar-colombia","7":"product_cat-goip-gsm-colombia","8":"product_cat-telefonia-ip","9":"product_tag-asterisk","10":"product_tag-dinstar-colombia","11":"product_tag-gateway-4g","12":"product_tag-gateway-asterisk","13":"product_tag-gateway-sip","14":"product_tag-goip","16":"first","17":"instock","18":"sale","19":"sold-individually","20":"taxable","21":"shipping-taxable","22":"purchasable","23":"product-type-simple"},"jetpack_sharing_enabled":true,"_links":{"self":[{"href":"https:\/\/tectelsuministros.com\/index.php\/wp-json\/wp\/v2\/product\/3680","targetHints":{"allow":["GET"]}}],"collection":[{"href":"https:\/\/tectelsuministros.com\/index.php\/wp-json\/wp\/v2\/product"}],"about":[{"href":"https:\/\/tectelsuministros.com\/index.php\/wp-json\/wp\/v2\/types\/product"}],"replies":[{"embeddable":true,"href":"https:\/\/tectelsuministros.com\/index.php\/wp-json\/wp\/v2\/comments?post=3680"}],"wp:featuredmedia":[{"embeddable":true,"href":"https:\/\/tectelsuministros.com\/index.php\/wp-json\/wp\/v2\/media\/3159"}],"wp:attachment":[{"href":"https:\/\/tectelsuministros.com\/index.php\/wp-json\/wp\/v2\/media?parent=3680"}],"wp:term":[{"taxonomy":"product_brand","embeddable":true,"href":"https:\/\/tectelsuministros.com\/index.php\/wp-json\/wp\/v2\/product_brand?post=3680"},{"taxonomy":"product_cat","embeddable":true,"href":"https:\/\/tectelsuministros.com\/index.php\/wp-json\/wp\/v2\/product_cat?post=3680"},{"taxonomy":"product_tag","embeddable":true,"href":"https:\/\/tectelsuministros.com\/index.php\/wp-json\/wp\/v2\/product_tag?post=3680"}],"curies":[{"name":"wp","href":"https:\/\/api.w.org\/{rel}","templated":true}]}}