{"id":3677,"date":"2022-09-21T12:42:56","date_gmt":"2022-09-21T17:42:56","guid":{"rendered":"https:\/\/tectelsuministros.com\/?post_type=product&#038;p=3677"},"modified":"2025-06-12T11:15:33","modified_gmt":"2025-06-12T16:15:33","slug":"uc200-dinstar-2fxo","status":"publish","type":"product","link":"https:\/\/tectelsuministros.com\/index.php\/producto\/uc200-dinstar-2fxo\/","title":{"rendered":"Appliance UC200 Dinstar 2 FXO 2 FXS"},"content":{"rendered":"<p>UC200 es un PBX IP compacto dise\u00f1ado para peque\u00f1as y medianas empresas (PYMES) con 500 usuarios SIP, 30 llamadas simult\u00e1neas. Totalmente compatible con los GATEWAYS Dinstar VoIP y dispositivos con protocolo SIP, permite que las empresas se comuniquen a trav\u00e9s de voz, fax, datos o video, ofrece un sistema telef\u00f3nico comercial confiable y de alta eficiencia para las empresas.<\/p>\n<p>&nbsp;<\/p>\n<p>Soluci\u00f3n VoIP para PYMES<\/p>\n<p>60 usuarios SIP, 15 llamadas simult\u00e1neas<\/p>\n<p>2 FXS, 2 FXO<\/p>\n<p>Conmutaci\u00f3n por error IP\/SIP<\/p>\n<p>M\u00faltiples troncales SIP<\/p>\n<p>Fax sobre IP (T.38 y Pass-through)<\/p>\n<p>VPN integrada<\/p>\n<p>Seguridad TLS\/SRTP<\/p>\n<p>&nbsp;<\/p>\n<p>Funciones:<\/p>\n<p class=\"slideInUp\">Call waiting<\/p>\n<p class=\"slideInUp\">Call transfer<\/p>\n<p class=\"slideInUp\">Voicemail<\/p>\n<p>Voice Recording<\/p>\n<p class=\"slideInUp\">Call queqe<\/p>\n<p class=\"slideInUp\">Ring group<\/p>\n<p class=\"slideInUp\">Paging<\/p>\n<p class=\"slideInUp\">Voicemail to Email<\/p>\n<p class=\"slideInUp\">Event report<\/p>\n<p class=\"slideInUp\">Conference Call<\/p>\n<p class=\"slideInUp\">Multi-level IVR (Interactive Voice Response)<\/p>\n","protected":false},"excerpt":{"rendered":"<p>UC200 es un PBX IP compacto dise\u00f1ado para peque\u00f1as y medianas empresas (PYMES) con 500 usuarios SIP, 30 llamadas simult\u00e1neas. Totalmente compatible con los GATEWAYS Dinstar VoIP y dispositivos con protocolo SIP, permite que las empresas se comuniquen a trav\u00e9s de voz, fax, datos o video, ofrece un sistema telef\u00f3nico comercial confiable y de alta [&hellip;]<\/p>\n","protected":false},"featured_media":3678,"comment_status":"open","ping_status":"closed","template":"","meta":[],"product_brand":[],"product_cat":[119,237,107],"product_tag":[135,327,238,586,587,136,588,325,326],"class_list":{"0":"post-3677","1":"product","2":"type-product","3":"status-publish","4":"has-post-thumbnail","6":"product_cat-mini-ippbx-soho","7":"product_cat-dinstar-colombia","8":"product_cat-telefonia-ip","9":"product_tag-asterisk","10":"product_tag-centralita-ip","11":"product_tag-dinstar-colombia","12":"product_tag-free-switch","13":"product_tag-free-switch-ippbx","14":"product_tag-ippbx","15":"product_tag-pbx-ip","16":"product_tag-uc200","17":"product_tag-ucm","19":"first","20":"instock","21":"sale","22":"taxable","23":"shipping-taxable","24":"purchasable","25":"product-type-simple"},"jetpack_sharing_enabled":true,"_links":{"self":[{"href":"https:\/\/tectelsuministros.com\/index.php\/wp-json\/wp\/v2\/product\/3677","targetHints":{"allow":["GET"]}}],"collection":[{"href":"https:\/\/tectelsuministros.com\/index.php\/wp-json\/wp\/v2\/product"}],"about":[{"href":"https:\/\/tectelsuministros.com\/index.php\/wp-json\/wp\/v2\/types\/product"}],"replies":[{"embeddable":true,"href":"https:\/\/tectelsuministros.com\/index.php\/wp-json\/wp\/v2\/comments?post=3677"}],"wp:featuredmedia":[{"embeddable":true,"href":"https:\/\/tectelsuministros.com\/index.php\/wp-json\/wp\/v2\/media\/3678"}],"wp:attachment":[{"href":"https:\/\/tectelsuministros.com\/index.php\/wp-json\/wp\/v2\/media?parent=3677"}],"wp:term":[{"taxonomy":"product_brand","embeddable":true,"href":"https:\/\/tectelsuministros.com\/index.php\/wp-json\/wp\/v2\/product_brand?post=3677"},{"taxonomy":"product_cat","embeddable":true,"href":"https:\/\/tectelsuministros.com\/index.php\/wp-json\/wp\/v2\/product_cat?post=3677"},{"taxonomy":"product_tag","embeddable":true,"href":"https:\/\/tectelsuministros.com\/index.php\/wp-json\/wp\/v2\/product_tag?post=3677"}],"curies":[{"name":"wp","href":"https:\/\/api.w.org\/{rel}","templated":true}]}}