{"id":3644,"date":"2022-08-30T12:11:31","date_gmt":"2022-08-30T17:11:31","guid":{"rendered":"https:\/\/tectelsuministros.com\/?post_type=product&#038;p=3644"},"modified":"2022-08-30T13:51:37","modified_gmt":"2022-08-30T18:51:37","slug":"timbre-wifi-720p-hd","status":"publish","type":"product","link":"https:\/\/tectelsuministros.com\/index.php\/producto\/timbre-wifi-720p-hd\/","title":{"rendered":"Timbre WIFI 720p HD"},"content":{"rendered":"<pre id=\"tw-target-text\" class=\"tw-data-text tw-text-large tw-ta\" dir=\"ltr\" data-placeholder=\"Traducci\u00f3n\"><span class=\"Y2IQFc\" lang=\"es\"><strong>Timbre de video inal\u00e1mbrico para el hogar<\/strong>\r\n\r\nCamara Timbre inal\u00e1mbrica\r\nlargo alcance\r\nPir Sensor de movimiento\r\n\r\nLuces infrarrojas de 6*850 mm Vision Dia\/Noche\r\nDetecci\u00f3n de movimiento, c\u00e1mara de timbre de video con Vista Remota\r\nAplicacion para android o iphone: Aiwit\r\n\r\nMillones de p\u00edxeles HD con lente gran angular\r\nAdmite monitoreo en tiempo real de tel\u00e9fonos m\u00f3viles\r\nConexi\u00f3n WI-FI 2.4G\r\nConversaci\u00f3n bidireccional de alta calidad con cancelaci\u00f3n de ruido\r\nAdmite detecci\u00f3n de movimiento PIR con Notificacion Instantanea\r\nConmutaci\u00f3n autom\u00e1tica de modo d\u00eda y noche.\r\n<\/span><\/pre>\n","protected":false},"excerpt":{"rendered":"<p>Incluye timbre inalambrico para interior conexion USB<\/p>\n<p>La aplicacion permite ver remotamente en tiempo real<\/p>\n","protected":false},"featured_media":3651,"comment_status":"open","ping_status":"closed","template":"","meta":[],"product_brand":[],"product_cat":[131],"product_tag":[312,315,316,317,318],"class_list":{"0":"post-3644","1":"product","2":"type-product","3":"status-publish","4":"has-post-thumbnail","6":"product_cat-citofonia-virtual","7":"product_tag-citofono-wifi","8":"product_tag-timbre-con-video","9":"product_tag-timbre-wifi-con-video","10":"product_tag-timbre-wifi-hd","11":"product_tag-timbre-wifi-sensor","13":"first","14":"instock","15":"taxable","16":"shipping-taxable","17":"purchasable","18":"product-type-simple"},"jetpack_sharing_enabled":true,"_links":{"self":[{"href":"https:\/\/tectelsuministros.com\/index.php\/wp-json\/wp\/v2\/product\/3644","targetHints":{"allow":["GET"]}}],"collection":[{"href":"https:\/\/tectelsuministros.com\/index.php\/wp-json\/wp\/v2\/product"}],"about":[{"href":"https:\/\/tectelsuministros.com\/index.php\/wp-json\/wp\/v2\/types\/product"}],"replies":[{"embeddable":true,"href":"https:\/\/tectelsuministros.com\/index.php\/wp-json\/wp\/v2\/comments?post=3644"}],"wp:featuredmedia":[{"embeddable":true,"href":"https:\/\/tectelsuministros.com\/index.php\/wp-json\/wp\/v2\/media\/3651"}],"wp:attachment":[{"href":"https:\/\/tectelsuministros.com\/index.php\/wp-json\/wp\/v2\/media?parent=3644"}],"wp:term":[{"taxonomy":"product_brand","embeddable":true,"href":"https:\/\/tectelsuministros.com\/index.php\/wp-json\/wp\/v2\/product_brand?post=3644"},{"taxonomy":"product_cat","embeddable":true,"href":"https:\/\/tectelsuministros.com\/index.php\/wp-json\/wp\/v2\/product_cat?post=3644"},{"taxonomy":"product_tag","embeddable":true,"href":"https:\/\/tectelsuministros.com\/index.php\/wp-json\/wp\/v2\/product_tag?post=3644"}],"curies":[{"name":"wp","href":"https:\/\/api.w.org\/{rel}","templated":true}]}}