{"id":3088,"date":"2020-08-01T10:57:27","date_gmt":"2020-08-01T15:57:27","guid":{"rendered":"https:\/\/tectelsuministros.com\/?post_type=product&#038;p=3088"},"modified":"2026-04-28T17:03:05","modified_gmt":"2026-04-28T22:03:05","slug":"telefono-ip-antibandalico-con-teclado-marcacion-automatica-poe","status":"publish","type":"product","link":"https:\/\/tectelsuministros.com\/index.php\/producto\/telefono-ip-antibandalico-con-teclado-marcacion-automatica-poe\/","title":{"rendered":"Telefono Ip Antibandalico con Teclado (Marcaci\u00f3n Automatica &#8211; PoE)"},"content":{"rendered":"<p>Tel\u00e9fono Ip Antibandalico con Teclado (Marcaci\u00f3n Autom\u00e1tica &#8211; PoE)<\/p>\n<p>2 cuentas sip<\/p>\n<p>Compatible con Asterisk, 3CX, FreePBX, Issabel<\/p>\n<p>Origen: China<\/p>\n<p>Peso: 3 Klg<\/p>\n<p>1. Tel\u00e9fono Ip est\u00e1ndar.<br \/>\n2. Carcasa de material de acero inoxidable 304, alta resistencia mec\u00e1nica y fuerte resistencia al impacto.<br \/>\n3. El auricular resistente al vandalismo con cord\u00f3n de acero interno y arandela brinda seguridad adicional para el cable del auricular.<br \/>\n4. Teclado de aleaci\u00f3n de zinc.<br \/>\n5. Interruptor de gancho magn\u00e9tico con interruptor de l\u00e1minas.<br \/>\n6. Micr\u00f3fono con cancelaci\u00f3n de ruido disponible.<br \/>\n7. Montado en la pared, instalaci\u00f3n simple.<br \/>\n8. Protecci\u00f3n a prueba de intemperie IP54.<br \/>\n9. Conexi\u00f3n: cable de par de terminales de tornillo RJ11.<br \/>\n10. Color Acero Crudo disponibles.<br \/>\n11. Protocolo OPEN SIP<br \/>\n12. IVR para escuchar la ip del dispositivo<\/p>\n<p>Tiepo de entrega 12 &#8211; 14 dias Calendario<\/p>\n","protected":false},"excerpt":{"rendered":"<p>Tel\u00e9fono Ip Antibandalico con Teclado (Marcaci\u00f3n Autom\u00e1tica &#8211; PoE) 2 cuentas sip Compatible con Asterisk, 3CX, FreePBX, Issabel Origen: China Peso: 3 Klg 1. Tel\u00e9fono Ip est\u00e1ndar. 2. Carcasa de material de acero inoxidable 304, alta resistencia mec\u00e1nica y fuerte resistencia al impacto. 3. El auricular resistente al vandalismo con cord\u00f3n de acero interno y [&hellip;]<\/p>\n","protected":false},"featured_media":3089,"comment_status":"open","ping_status":"closed","template":"","meta":[],"product_brand":[],"product_cat":[107,341],"product_tag":[339,340,319,296,295],"class_list":{"0":"post-3088","1":"product","2":"type-product","3":"status-publish","4":"has-post-thumbnail","6":"product_cat-telefonia-ip","7":"product_cat-telefonos-antivandalicos","8":"product_tag-antivandalico","9":"product_tag-telefono-ip-antivandalico","10":"product_tag-telefono-ip-carceles","11":"product_tag-telefono-ip-hospitales","12":"product_tag-telefono-ip-metalico","14":"first","15":"onbackorder","16":"taxable","17":"shipping-taxable","18":"purchasable","19":"product-type-simple"},"jetpack_sharing_enabled":true,"_links":{"self":[{"href":"https:\/\/tectelsuministros.com\/index.php\/wp-json\/wp\/v2\/product\/3088","targetHints":{"allow":["GET"]}}],"collection":[{"href":"https:\/\/tectelsuministros.com\/index.php\/wp-json\/wp\/v2\/product"}],"about":[{"href":"https:\/\/tectelsuministros.com\/index.php\/wp-json\/wp\/v2\/types\/product"}],"replies":[{"embeddable":true,"href":"https:\/\/tectelsuministros.com\/index.php\/wp-json\/wp\/v2\/comments?post=3088"}],"wp:featuredmedia":[{"embeddable":true,"href":"https:\/\/tectelsuministros.com\/index.php\/wp-json\/wp\/v2\/media\/3089"}],"wp:attachment":[{"href":"https:\/\/tectelsuministros.com\/index.php\/wp-json\/wp\/v2\/media?parent=3088"}],"wp:term":[{"taxonomy":"product_brand","embeddable":true,"href":"https:\/\/tectelsuministros.com\/index.php\/wp-json\/wp\/v2\/product_brand?post=3088"},{"taxonomy":"product_cat","embeddable":true,"href":"https:\/\/tectelsuministros.com\/index.php\/wp-json\/wp\/v2\/product_cat?post=3088"},{"taxonomy":"product_tag","embeddable":true,"href":"https:\/\/tectelsuministros.com\/index.php\/wp-json\/wp\/v2\/product_tag?post=3088"}],"curies":[{"name":"wp","href":"https:\/\/api.w.org\/{rel}","templated":true}]}}