{"id":3062,"date":"2020-07-11T12:53:08","date_gmt":"2020-07-11T17:53:08","guid":{"rendered":"https:\/\/tectelsuministros.com\/?post_type=product&#038;p=3062"},"modified":"2023-07-15T09:51:13","modified_gmt":"2023-07-15T14:51:13","slug":"vt9000-dec","status":"publish","type":"product","link":"https:\/\/tectelsuministros.com\/index.php\/producto\/vt9000-dec\/","title":{"rendered":"VT9000-DEC"},"content":{"rendered":"<div class=\"jetpack-video-wrapper\"><iframe loading=\"lazy\" title=\"VT9000 DECT Set Up and Connect with Grandstream Phone System\" width=\"640\" height=\"360\" src=\"https:\/\/www.youtube.com\/embed\/tIAwer1fEPA?feature=oembed\" frameborder=\"0\" allow=\"accelerometer; autoplay; clipboard-write; encrypted-media; gyroscope; picture-in-picture; web-share\" referrerpolicy=\"strict-origin-when-cross-origin\" allowfullscreen><\/iframe><\/div>\n<p>Los auriculares profesionales para empresas est\u00e1n cambiando lentamente su estilo de vida, no solo facilitan<br \/>\nsu trabajo, pero tambi\u00e9n hacen que la vida cotidiana sea una comunicaci\u00f3n m\u00e1s perfecta.<br \/>\nOfrecemos varios cables EHS para que sean compatibles con los tel\u00e9fonos de escritorio.<br \/>\nSoluciones EHS:<br \/>\nEHS1 para tel\u00e9fonos de la serie Cisco7900;<br \/>\nEHS4 para Mitel (Aastra), Unify, Siemens Phones;<br \/>\nEHS5 para tel\u00e9fonos Avaya, Shoretel y Toshiba;<br \/>\nEHS6 para tel\u00e9fonos Cisco;<br \/>\nEHS7 para tel\u00e9fonos Panasonic;<br \/>\nEHS9 para tel\u00e9fonos Alcatel;<br \/>\nEHS10 para tel\u00e9fonos Grandstream; EHS13 para tel\u00e9fonos Polycom; EHS15 para tel\u00e9fonos Fanvil;<br \/>\nEHS18 para tel\u00e9fonos Sangoma; EHS21 para tel\u00e9fonos Digium.<\/p>\n<p><strong>Requiere Cable EHS10 rj9 Adicional no olvide agregarlo a su carrito de compras!<\/strong><\/p>\n<p>Garantia 1 a\u00f1o<\/p>\n<p>Tecnologia DEC<\/p>\n","protected":false},"excerpt":{"rendered":"<p>Los auriculares profesionales para empresas est\u00e1n cambiando lentamente su estilo de vida, no solo facilitan su trabajo, pero tambi\u00e9n hacen que la vida cotidiana sea una comunicaci\u00f3n m\u00e1s perfecta. Ofrecemos varios cables EHS para que sean compatibles con los tel\u00e9fonos de escritorio. Soluciones EHS: EHS1 para tel\u00e9fonos de la serie Cisco7900; EHS4 para Mitel (Aastra), [&hellip;]<\/p>\n","protected":false},"featured_media":3063,"comment_status":"open","ping_status":"closed","template":"","meta":[],"product_brand":[],"product_cat":[123],"product_tag":[223,224,225,222],"class_list":{"0":"post-3062","1":"product","2":"type-product","3":"status-publish","4":"has-post-thumbnail","6":"product_cat-auriculares-call-center-y-home-office","7":"product_tag-auricular-dec","8":"product_tag-diadema-dec","9":"product_tag-diadema-dec-grandstream","10":"product_tag-diadema-inalambrica","12":"first","13":"instock","14":"taxable","15":"shipping-taxable","16":"purchasable","17":"product-type-simple"},"jetpack_sharing_enabled":true,"_links":{"self":[{"href":"https:\/\/tectelsuministros.com\/index.php\/wp-json\/wp\/v2\/product\/3062","targetHints":{"allow":["GET"]}}],"collection":[{"href":"https:\/\/tectelsuministros.com\/index.php\/wp-json\/wp\/v2\/product"}],"about":[{"href":"https:\/\/tectelsuministros.com\/index.php\/wp-json\/wp\/v2\/types\/product"}],"replies":[{"embeddable":true,"href":"https:\/\/tectelsuministros.com\/index.php\/wp-json\/wp\/v2\/comments?post=3062"}],"wp:featuredmedia":[{"embeddable":true,"href":"https:\/\/tectelsuministros.com\/index.php\/wp-json\/wp\/v2\/media\/3063"}],"wp:attachment":[{"href":"https:\/\/tectelsuministros.com\/index.php\/wp-json\/wp\/v2\/media?parent=3062"}],"wp:term":[{"taxonomy":"product_brand","embeddable":true,"href":"https:\/\/tectelsuministros.com\/index.php\/wp-json\/wp\/v2\/product_brand?post=3062"},{"taxonomy":"product_cat","embeddable":true,"href":"https:\/\/tectelsuministros.com\/index.php\/wp-json\/wp\/v2\/product_cat?post=3062"},{"taxonomy":"product_tag","embeddable":true,"href":"https:\/\/tectelsuministros.com\/index.php\/wp-json\/wp\/v2\/product_tag?post=3062"}],"curies":[{"name":"wp","href":"https:\/\/api.w.org\/{rel}","templated":true}]}}