{"id":2683,"date":"2019-07-11T14:49:27","date_gmt":"2019-07-11T19:49:27","guid":{"rendered":"https:\/\/tectelsuministros.com\/?post_type=product&#038;p=2683"},"modified":"2023-07-31T14:51:18","modified_gmt":"2023-07-31T19:51:18","slug":"ucm-6510","status":"publish","type":"product","link":"https:\/\/tectelsuministros.com\/index.php\/producto\/ucm-6510\/","title":{"rendered":"UCM 6510"},"content":{"rendered":"<p>Dise\u00f1ado para ofrecer funciones avanzadas de voz, video, datos y movilidad a medianas y grandes empresas y peque\u00f1as y medianas empresas. El dispositivo UCM6510 IP PBX crea una soluci\u00f3n de red personalizable, escalable y completa. Alimentado por una avanzada funcionalidad de hardware y software, esta soluci\u00f3n convergente de voz, video, datos, fax, vigilancia de seguridad y movilidad ancla cualquier red de comunicaciones.<\/p>\n<p>El UCM6510 crea un ancla local f\u00e1cil de administrar a su red de comunicaciones. Este IP PBX de nivel empresarial viene equipado con un conjunto de funciones avanzadas de manejo de llamadas y datos de red, todo sin licencias ni cargos. Su escalabilidad ofrece implementaciones que pueden admitir hasta 2000 usuarios y admite E1, T1 y J1. La serie UCM6510 permite a las empresas unificar m\u00faltiples tecnolog\u00edas de comunicaci\u00f3n, como voz, video, vigilancia, herramientas de datos y gesti\u00f3n de acceso a instalaciones en una plataforma com\u00fan que se puede administrar y acceder de forma remota. Con funciones como enrutamiento de llamadas personalizables, IVR de m\u00faltiples niveles, colas de llamadas, contestador autom\u00e1tico, registros detallados de llamadas, interconexi\u00f3n de sitios m\u00faltiples, soporte de video SIP, reenv\u00edo de correo de voz \/ fax al correo electr\u00f3nico y m\u00e1s, el UCM6510 ofrece comunicaciones unificadas completas.<\/p>\n<p>Admite hasta 2000 registros de puntos finales SIP, hasta 200 llamadas simult\u00e1neas y hasta 64 asistentes a la conferencia<br \/>\nProcesador de 1 GHz de cuatro n\u00facleos Cortex A9<br \/>\n1GB DDR3 Ram, 32GB Flash<br \/>\n1 interfaz T1 \/ E1 \/ J1 integrada, puertos FXO troncales 2PSTN, 2 puertos anal\u00f3gicos \/ fax FXS con capacidad de l\u00ednea de vida<br \/>\nPuertos de red Gigabit con integra PoE, USB, tarjeta SD, enrutador NAT integrado<br \/>\nProtecci\u00f3n de seguridad integral mediante SRTP, TLS y HTTPS con acelerador de cifrado de hardware<br \/>\nInstale y aprovisione r\u00e1pidamente los puntos finales de Grandstream mediante la funci\u00f3n Descubrimiento autom\u00e1tico y configuraci\u00f3n de cero en la interfaz de usuario web del producto<\/p>\n","protected":false},"excerpt":{"rendered":"<p>Dise\u00f1ado para ofrecer funciones avanzadas de voz, video, datos y movilidad a medianas y grandes empresas y peque\u00f1as y medianas empresas. El dispositivo UCM6510 IP PBX crea una soluci\u00f3n de red personalizable, escalable y completa. Alimentado por una avanzada funcionalidad de hardware y software, esta soluci\u00f3n convergente de voz, video, datos, fax, vigilancia de seguridad [&hellip;]<\/p>\n","protected":false},"featured_media":2685,"comment_status":"open","ping_status":"closed","template":"","meta":[],"product_brand":[],"product_cat":[119,133,107],"product_tag":[135,137,161,378,377],"class_list":{"0":"post-2683","1":"product","2":"type-product","3":"status-publish","4":"has-post-thumbnail","6":"product_cat-mini-ippbx-soho","7":"product_cat-grandstream-colombia","8":"product_cat-telefonia-ip","9":"product_tag-asterisk","10":"product_tag-grandstream-precios-con-iva-incluido","11":"product_tag-grandstream-colombia","12":"product_tag-ucm-6510","13":"product_tag-ucm6510","15":"first","16":"instock","17":"sale","18":"taxable","19":"shipping-taxable","20":"purchasable","21":"product-type-simple"},"jetpack_sharing_enabled":true,"_links":{"self":[{"href":"https:\/\/tectelsuministros.com\/index.php\/wp-json\/wp\/v2\/product\/2683","targetHints":{"allow":["GET"]}}],"collection":[{"href":"https:\/\/tectelsuministros.com\/index.php\/wp-json\/wp\/v2\/product"}],"about":[{"href":"https:\/\/tectelsuministros.com\/index.php\/wp-json\/wp\/v2\/types\/product"}],"replies":[{"embeddable":true,"href":"https:\/\/tectelsuministros.com\/index.php\/wp-json\/wp\/v2\/comments?post=2683"}],"wp:featuredmedia":[{"embeddable":true,"href":"https:\/\/tectelsuministros.com\/index.php\/wp-json\/wp\/v2\/media\/2685"}],"wp:attachment":[{"href":"https:\/\/tectelsuministros.com\/index.php\/wp-json\/wp\/v2\/media?parent=2683"}],"wp:term":[{"taxonomy":"product_brand","embeddable":true,"href":"https:\/\/tectelsuministros.com\/index.php\/wp-json\/wp\/v2\/product_brand?post=2683"},{"taxonomy":"product_cat","embeddable":true,"href":"https:\/\/tectelsuministros.com\/index.php\/wp-json\/wp\/v2\/product_cat?post=2683"},{"taxonomy":"product_tag","embeddable":true,"href":"https:\/\/tectelsuministros.com\/index.php\/wp-json\/wp\/v2\/product_tag?post=2683"}],"curies":[{"name":"wp","href":"https:\/\/api.w.org\/{rel}","templated":true}]}}