{"id":2372,"date":"2017-10-10T12:17:28","date_gmt":"2017-10-10T17:17:28","guid":{"rendered":"http:\/\/tectelsuministros.com\/?post_type=product&#038;p=2372"},"modified":"2026-03-19T16:15:29","modified_gmt":"2026-03-19T21:15:29","slug":"citofonia-virtual-sin-cables","status":"publish","type":"product","link":"https:\/\/tectelsuministros.com\/index.php\/producto\/citofonia-virtual-sin-cables\/","title":{"rendered":"Citofonia Virtual 4G &#8211; Sin cables ni Mensualidades"},"content":{"rendered":"<h1 style=\"text-align: center;\"><strong>TELEFONO DE MESA PARA CITOFONIA VIRTUAL 4G<\/strong><\/h1>\n<h3 style=\"text-align: center;\">NUEVA VERSION INCLUYE BATERIA DE RESPALDO Y GRABACION DE LLAMADAS EN MEMORIA MICRO SD<\/h3>\n<p>&nbsp;<\/p>\n<ul>\n<li style=\"text-align: center;\">LOS GUARDAS NO TENDRAN ACCESO A LOS NUMEROS DE CONTACTO DE LOS RESIDENTES<\/li>\n<li style=\"text-align: center;\"><strong>SIN ANUALIDADES!\u00a0\u00a0<\/strong><strong>SIN MENSUALIDADES!\u00a0\u00a0<\/strong><strong>NO REQUIERE INTERNET!<\/strong><\/li>\n<li style=\"text-align: center;\"><strong>No necesita perder la custodia de los contactos de los residentes, es Auto Administrable<\/strong><\/li>\n<li style=\"text-align: center;\"><strong>Un \u00danico Pago<\/strong><\/li>\n<li style=\"text-align: center;\"><strong> Garant\u00eda 1 a\u00f1o<\/strong><\/li>\n<li style=\"text-align: center;\"><strong> Auto Administrable (no requiere personal t\u00e9cnico)<\/strong><\/li>\n<li style=\"text-align: center;\"><strong>Incluye bateria de hasta 3 horas a 5 Horas.\u00a0<\/strong><\/li>\n<li style=\"text-align: center;\"><strong>Citofonia virtual<\/strong> &#8211; <strong>sin mensualidades &#8211; y ahora con Grabaci\u00f3n de llamadas<\/strong><\/li>\n<\/ul>\n<p>&nbsp;<\/p>\n<p>Requiere de un Vigilante \u00f3 Guarda de seguridad.<br \/>\nHasta 9000 apartamentos.<\/p>\n<p><strong>Funcionamiento:<\/strong><br \/>\nCada apartamentos pueden tener contactos ilimitados. (fijos o celulares).<\/p>\n<p>Ejemplo: torre 1 apartamento 501 Guarda marcar\u00eda 1501, Guarda marcaria con el TELEFONO 4G.. nuestro sistema\u00a0 llamar\u00e1 a 1 er celular o fijo, si no contesta se pasara a celular2 etc&#8230; hasta 3 contactos hasta que responda ese apartamento.<\/p>\n<p>Por privacidad los <strong>vigilantes o guardas<\/strong> <strong>NO\u00a0tendr\u00e1n acceso a los n\u00fameros de los propietarios solo se ver\u00e1 el apartamento<\/strong>.<\/p>\n<p>Funciones adicionales:<br \/>\nVarias porter\u00edas (porterias 2 y 3 no estan incluidas en este precio), Comunicaci\u00f3n entre porter\u00edas, Flexible, <strong>Auto administrable<\/strong> (entregamos manual de usuario o videos en caso de que requiera editar o adicionar n\u00fameros de contacto por apartamento u Oficina).<\/p>\n<p style=\"text-align: center;\"><b>Importante: Requiere una Sim card con minutos no importa el operador.<\/b><\/p>\n<p style=\"text-align: center;\"><strong>Garant\u00eda 1 a\u00f1o.\u00a0<\/strong><\/p>\n","protected":false},"excerpt":{"rendered":"<h4><a href=\"https:\/\/tectelsuministros.com\/wp-content\/uploads\/2017\/10\/DescomprimirEnElEscritorio.zip\">Descomprimir Software<\/a><\/h4>\n<h4>\u00bfComo se programa? puedes ver nuestro video <a href=\"https:\/\/youtu.be\/M8jYK2K9FKg?si=oaP_koO_1juMF-M6\">parte 1<\/a> y <a href=\"https:\/\/youtu.be\/vSmOTSHE5qk?si=PwYn8giZdb1XdG6W\">parte 2<\/a> en youtube No oldive dejarnos el link y compartir en sus redes sociales.<\/h4>\n","protected":false},"featured_media":3685,"comment_status":"open","ping_status":"closed","template":"","meta":[],"product_brand":[],"product_cat":[131],"product_tag":[194,150,153,328,329,353,303,352,503,502,504,418],"class_list":{"0":"post-2372","1":"product","2":"type-product","3":"status-publish","4":"has-post-thumbnail","6":"product_cat-citofonia-virtual","7":"product_tag-citocall","8":"product_tag-citofonia-inalambrica","9":"product_tag-citofonia","10":"product_tag-citofonia-movil","11":"product_tag-citofonia-sin-cables","12":"product_tag-citofonia-sin-mensualidades","13":"product_tag-citofonia-virtual-4g","14":"product_tag-citofonia-virtual-sin-cables","15":"product_tag-consola-citofonia","16":"product_tag-consola-citofonia-virtual","17":"product_tag-consola-citofonia-virtual-4g","18":"product_tag-grabar-llamadas-a-celular","20":"first","21":"instock","22":"sale","23":"taxable","24":"shipping-taxable","25":"purchasable","26":"product-type-simple"},"jetpack_sharing_enabled":true,"_links":{"self":[{"href":"https:\/\/tectelsuministros.com\/index.php\/wp-json\/wp\/v2\/product\/2372","targetHints":{"allow":["GET"]}}],"collection":[{"href":"https:\/\/tectelsuministros.com\/index.php\/wp-json\/wp\/v2\/product"}],"about":[{"href":"https:\/\/tectelsuministros.com\/index.php\/wp-json\/wp\/v2\/types\/product"}],"replies":[{"embeddable":true,"href":"https:\/\/tectelsuministros.com\/index.php\/wp-json\/wp\/v2\/comments?post=2372"}],"wp:featuredmedia":[{"embeddable":true,"href":"https:\/\/tectelsuministros.com\/index.php\/wp-json\/wp\/v2\/media\/3685"}],"wp:attachment":[{"href":"https:\/\/tectelsuministros.com\/index.php\/wp-json\/wp\/v2\/media?parent=2372"}],"wp:term":[{"taxonomy":"product_brand","embeddable":true,"href":"https:\/\/tectelsuministros.com\/index.php\/wp-json\/wp\/v2\/product_brand?post=2372"},{"taxonomy":"product_cat","embeddable":true,"href":"https:\/\/tectelsuministros.com\/index.php\/wp-json\/wp\/v2\/product_cat?post=2372"},{"taxonomy":"product_tag","embeddable":true,"href":"https:\/\/tectelsuministros.com\/index.php\/wp-json\/wp\/v2\/product_tag?post=2372"}],"curies":[{"name":"wp","href":"https:\/\/api.w.org\/{rel}","templated":true}]}}