{"id":3840,"date":"2023-09-13T11:25:06","date_gmt":"2023-09-13T16:25:06","guid":{"rendered":"https:\/\/tectelsuministros.com\/?page_id=3840"},"modified":"2024-02-23T15:37:28","modified_gmt":"2024-02-23T20:37:28","slug":"movilidad-electronica","status":"publish","type":"page","link":"https:\/\/tectelsuministros.com\/index.php\/movilidad-electronica\/","title":{"rendered":"Movilidad Electronica Colombia"},"content":{"rendered":"\n<p class=\"has-text-align-center\">Las motos electricas necesitan SOAT, LICENCIA DE CONDUCCION, PLACA y TECNOMECANICA?<\/p>\n\n\n\n<p class=\"has-text-align-center\">Basado en la <a href=\"https:\/\/www.alcaldiabogota.gov.co\/sisjur\/normas\/Norma1.jsp?i=68085\" data-type=\"link\" data-id=\"https:\/\/www.alcaldiabogota.gov.co\/sisjur\/normas\/Norma1.jsp?i=68085\">resoluci\u00f3n 160<\/a> de 2017 (feb 2)<\/p>\n\n\n\n<p class=\"has-text-align-center\">#VTS #MotosElectricas #MotoCiclo #Ciclomotor #VtsMotosElectricas<\/p>\n\n\n\n<div class=\"wp-block-cover aligncenter\"><span aria-hidden=\"true\" class=\"wp-block-cover__background has-background-dim\"><\/span><img loading=\"lazy\" decoding=\"async\" width=\"900\" height=\"598\" class=\"wp-block-cover__image-background wp-image-3864\" alt=\"\" src=\"https:\/\/tectelsuministros.com\/wp-content\/uploads\/2023\/09\/C97CDF2F6E6C97178FC359AD0F3684BD-900x598.jpg\" data-object-fit=\"cover\" srcset=\"https:\/\/tectelsuministros.com\/wp-content\/uploads\/2023\/09\/C97CDF2F6E6C97178FC359AD0F3684BD-900x598.jpg 900w, https:\/\/tectelsuministros.com\/wp-content\/uploads\/2023\/09\/C97CDF2F6E6C97178FC359AD0F3684BD-300x199.jpg 300w, https:\/\/tectelsuministros.com\/wp-content\/uploads\/2023\/09\/C97CDF2F6E6C97178FC359AD0F3684BD-768x510.jpg 768w, https:\/\/tectelsuministros.com\/wp-content\/uploads\/2023\/09\/C97CDF2F6E6C97178FC359AD0F3684BD-1536x1020.jpg 1536w, https:\/\/tectelsuministros.com\/wp-content\/uploads\/2023\/09\/C97CDF2F6E6C97178FC359AD0F3684BD-340x225.jpg 340w, https:\/\/tectelsuministros.com\/wp-content\/uploads\/2023\/09\/C97CDF2F6E6C97178FC359AD0F3684BD.jpg 1626w\" sizes=\"auto, (max-width: 900px) 100vw, 900px\" \/><div class=\"wp-block-cover__inner-container is-layout-flow wp-block-cover-is-layout-flow\">\n<p class=\"has-text-align-center has-large-font-size\">Ejemplo de motociclo menor a 4Kw<\/p>\n<\/div><\/div>\n\n\n\n<ul class=\"wp-block-list\">\n<li>Motos electricas: En colombia se considera Moto electrica si cuenta con m\u00e1s de 4KW de potencia ya  debe ser <strong>matriculada<\/strong>, tener <strong>SOAT <\/strong>y requiere licencia de conduccion, <strong>PAGARIA IMPUESTO VEHICULAR<\/strong> y <strong>Tiene prohibici\u00f3n de circular por la cicloruta.<\/strong>  <\/li>\n\n\n\n<li><a href=\"https:\/\/www.mintransporte.gov.co\/descargar.php?idFile=16334\" data-type=\"link\" data-id=\"https:\/\/www.mintransporte.gov.co\/descargar.php?idFile=16334\">Motociclo<\/a> \u00f3 Bicimoto: Se considerar\u00eda Bicimoto a los vehiculos de 2 ruedas que tengan motor a Gasolina inferior a 125cc o con motor electrico con potencia superior a 350W y 3.9 kw, debe ser <strong>matriculada<\/strong>, tener <strong>SOAT <\/strong>y requiere licencia de conduccion, <strong>NO<\/strong> <strong>PAGARIA IMPUESTO VEHICULAR<\/strong> y <strong>Tiene prohibici\u00f3n de circular por la cicloruta.<\/strong><\/li>\n\n\n\n<li>Bicicleta \u00f3 bicicleta electrica: Se considera bicicleta el\u00e9ctrica a todo vehiculo de dos ruedas de impulsion humana o motor electrico de hasta 350W de potencia y velocidad igual o inferior a 25Kh. Estos vehiculos si pueden circular por ciclovias del pa\u00eds,  No requiere SOAT, No requiere licencia de conducci\u00f3n, No requiere matricula y usualmente tienen unn rango de conducci\u00f3n de 25 a 30 kls por carga.   Tipicamente tiene pedales de asistencia en caso de agotarse la bateria. <\/li>\n<\/ul>\n\n\n\n<p class=\"has-text-align-center has-large-font-size\">Ejemplo de bicicleta electrica e-bike<\/p>\n\n\n\n<div class=\"wp-block-cover aligncenter is-light\"><span aria-hidden=\"true\" class=\"wp-block-cover__background has-background-dim\"><\/span><img decoding=\"async\" class=\"wp-block-cover__image-background wp-image-3865\" alt=\"\" src=\"https:\/\/tectelsuministros.com\/wp-content\/uploads\/2023\/09\/bacee6b5c978b41fcbf1d621d4d66292-725x600.png\" data-object-fit=\"cover\"\/><div class=\"wp-block-cover__inner-container is-layout-flow wp-block-cover-is-layout-flow\">\n<p class=\"has-text-align-center has-large-font-size\"><a href=\"https:\/\/tectelsuministros.com\/index.php\/producto\/ebike01-350w\/\">scooter de 350W<\/a><\/p>\n\n\n\n<p><\/p>\n<\/div><\/div>\n\n\n\n<p><\/p>\n\n\n\n<div class=\"wp-block-columns is-layout-flex wp-container-core-columns-is-layout-9d6595d7 wp-block-columns-is-layout-flex\">\n<div class=\"wp-block-column is-vertically-aligned-center is-layout-flow wp-block-column-is-layout-flow\" style=\"flex-basis:100%\">\n<div class=\"wp-block-buttons is-layout-flex wp-block-buttons-is-layout-flex\">\n<div class=\"wp-block-button\"><a class=\"wp-block-button__link wp-element-button\" href=\"https:\/\/tectelsuministros.com\/\">Inicio<\/a><\/div>\n<\/div>\n<\/div>\n<\/div>\n","protected":false},"excerpt":{"rendered":"<p>Las motos electricas necesitan SOAT, LICENCIA DE CONDUCCION, PLACA y TECNOMECANICA? Basado en la resoluci\u00f3n 160 de 2017 (feb 2) #VTS #MotosElectricas #MotoCiclo #Ciclomotor #VtsMotosElectricas Ejemplo de bicicleta electrica e-bike<\/p>\n","protected":false},"author":1,"featured_media":3876,"parent":0,"menu_order":0,"comment_status":"closed","ping_status":"closed","template":"","meta":{"footnotes":""},"class_list":["post-3840","page","type-page","status-publish","has-post-thumbnail","hentry"],"jetpack_sharing_enabled":true,"_links":{"self":[{"href":"https:\/\/tectelsuministros.com\/index.php\/wp-json\/wp\/v2\/pages\/3840","targetHints":{"allow":["GET"]}}],"collection":[{"href":"https:\/\/tectelsuministros.com\/index.php\/wp-json\/wp\/v2\/pages"}],"about":[{"href":"https:\/\/tectelsuministros.com\/index.php\/wp-json\/wp\/v2\/types\/page"}],"author":[{"embeddable":true,"href":"https:\/\/tectelsuministros.com\/index.php\/wp-json\/wp\/v2\/users\/1"}],"replies":[{"embeddable":true,"href":"https:\/\/tectelsuministros.com\/index.php\/wp-json\/wp\/v2\/comments?post=3840"}],"version-history":[{"count":10,"href":"https:\/\/tectelsuministros.com\/index.php\/wp-json\/wp\/v2\/pages\/3840\/revisions"}],"predecessor-version":[{"id":3959,"href":"https:\/\/tectelsuministros.com\/index.php\/wp-json\/wp\/v2\/pages\/3840\/revisions\/3959"}],"wp:featuredmedia":[{"embeddable":true,"href":"https:\/\/tectelsuministros.com\/index.php\/wp-json\/wp\/v2\/media\/3876"}],"wp:attachment":[{"href":"https:\/\/tectelsuministros.com\/index.php\/wp-json\/wp\/v2\/media?parent=3840"}],"curies":[{"name":"wp","href":"https:\/\/api.w.org\/{rel}","templated":true}]}}