{"id":3332,"date":"2024-02-27T10:36:14","date_gmt":"2024-02-27T15:36:14","guid":{"rendered":"https:\/\/tectelsuministros.com\/?page_id=3332"},"modified":"2024-02-27T10:36:15","modified_gmt":"2024-02-27T15:36:15","slug":"reembolso_devoluciones","status":"publish","type":"page","link":"https:\/\/tectelsuministros.com\/index.php\/reembolso_devoluciones\/","title":{"rendered":"Pol\u00edtica de devoluciones y reembolsos"},"content":{"rendered":"\n<p>Descripci\u00f3n general<\/p>\n\n\n\n<p>Nuestra pol\u00edtica de reembolsos y devoluciones tiene una duraci\u00f3n de 30 d\u00edas. Si han pasado 30 d\u00edas desde su compra, no podemos ofrecerle un reembolso o cambio completo.<\/p>\n\n\n\n<p>Para ser elegible para una devoluci\u00f3n, su art\u00edculo debe estar sin usar y en las mismas condiciones en que lo recibi\u00f3. Tambi\u00e9n debe estar en el embalaje original.<\/p>\n\n\n\n<p>Varios tipos de bienes est\u00e1n exentos de devoluci\u00f3n y rembolso. No se pueden devolver productos como veh\u00edculos el\u00e9ctricos nuevos, ya que una vez que salgan del almac\u00e9n o local pasan a ser usados, adem\u00e1s de pasar a depreciarse el bien inmediatamente luego del primer uso.<\/p>\n\n\n\n<p>Art\u00edculos adicionales no retornables:<\/p>\n\n\n\n<p>Bicicletas El\u00e9ctricas, &nbsp;Motos el\u00e9ctricas<\/p>\n\n\n\n<p>Bater\u00edas (litio, lifepo4 o plomo gel o acido).<\/p>\n\n\n\n<p>Cargadores para bater\u00edas de plomo o litio.<\/p>\n\n\n\n<p>Reembolsos<\/p>\n\n\n\n<p>Solo se aprobaran rembolsos de veh\u00edculos que no hayan salido de almac\u00e9n y cuyo tiempo de compra y despacho no supere un d\u00eda h\u00e1bil laboral.<\/p>\n","protected":false},"excerpt":{"rendered":"<p>Descripci\u00f3n general Nuestra pol\u00edtica de reembolsos y devoluciones tiene una duraci\u00f3n de 30 d\u00edas. Si han pasado 30 d\u00edas desde su compra, no podemos ofrecerle un reembolso o cambio completo. Para ser elegible para una devoluci\u00f3n, su art\u00edculo debe estar sin usar y en las mismas condiciones en que lo recibi\u00f3. Tambi\u00e9n debe estar en [&hellip;]<\/p>\n","protected":false},"author":1,"featured_media":0,"parent":0,"menu_order":0,"comment_status":"closed","ping_status":"closed","template":"","meta":{"footnotes":""},"class_list":["post-3332","page","type-page","status-publish","hentry"],"jetpack_sharing_enabled":true,"_links":{"self":[{"href":"https:\/\/tectelsuministros.com\/index.php\/wp-json\/wp\/v2\/pages\/3332","targetHints":{"allow":["GET"]}}],"collection":[{"href":"https:\/\/tectelsuministros.com\/index.php\/wp-json\/wp\/v2\/pages"}],"about":[{"href":"https:\/\/tectelsuministros.com\/index.php\/wp-json\/wp\/v2\/types\/page"}],"author":[{"embeddable":true,"href":"https:\/\/tectelsuministros.com\/index.php\/wp-json\/wp\/v2\/users\/1"}],"replies":[{"embeddable":true,"href":"https:\/\/tectelsuministros.com\/index.php\/wp-json\/wp\/v2\/comments?post=3332"}],"version-history":[{"count":1,"href":"https:\/\/tectelsuministros.com\/index.php\/wp-json\/wp\/v2\/pages\/3332\/revisions"}],"predecessor-version":[{"id":3971,"href":"https:\/\/tectelsuministros.com\/index.php\/wp-json\/wp\/v2\/pages\/3332\/revisions\/3971"}],"wp:attachment":[{"href":"https:\/\/tectelsuministros.com\/index.php\/wp-json\/wp\/v2\/media?parent=3332"}],"curies":[{"name":"wp","href":"https:\/\/api.w.org\/{rel}","templated":true}]}}